{"id":980,"date":"2018-11-27T18:34:32","date_gmt":"2018-11-27T17:34:32","guid":{"rendered":"http:\/\/ufihyd.poliedrostudio.it\/filtration-in-brief\/"},"modified":"2024-06-07T15:09:32","modified_gmt":"2024-06-07T13:09:32","slug":"filtrazione-in-pillole","status":"publish","type":"page","link":"https:\/\/www.ufihyd.com\/it\/filtrazione-in-pillole\/","title":{"rendered":"Filtrazione in pillole"},"content":{"rendered":"<p>Il controllo della contaminazione negli impianti oleodinamici \u00e8 una materia molto vasta e complessa; ne indichiamo di seguito alcuni punti fondamentali.<\/p>\n<p>La nostra Assistenza Clienti \u00e8 a Vostra disposizione per ulteriori approfondimenti.<\/p>\n<p>La funzione del fluido in un sistema oleodinamico \u00e8 trasmettere le forze ed i movimenti.<\/p>\n<p>Per assicurare l\u2019efficienza e l\u2019affidabilit\u00e0 del sistema, \u00e8 essenziale nella scelta del fluido tener conto dei requisiti del sistema e delle condizioni operative (pressione di esercizio, temperatura ambientale, localizzazione dell\u2019impianto, ecc.).<\/p>\n<p>A seconda delle caratteristiche richieste (viscosit\u00e0, potere lubrificante, protezione antiusura, densit\u00e0, resistenza all\u2019invecchiamento e alle sollecitazioni termiche, compatibilit\u00e0 coi materiali, ecc. ), \u00e8 possibile scegliere tra numerosi oli minerali (i pi\u00f9 utilizzati), fluidi sintetici, fluidi a base acquosa, fluidi \u201cecologici\u201d, ecc.<\/p>\n<p>Tutti i fluidi idraulici sono classificati secondo normative internazionali.<\/p>\n<p>La contaminazione solida \u00e8 riconosciuta come la causa principale di malfunzionamento, guasti e degrado precoce negli impianti oleodinamici; \u00e8 impossibile eliminarla completamente, ma si pu\u00f2 tenere efficacemente sotto controllo con adeguati dispositivi (filtri).<\/p>\n<p>Qualsiasi fluido venga utilizzato, \u00e8 essenziale che venga mantenuto al livello di contaminazione solida richiesto dal componente pi\u00f9 sensibile utilizzato.<\/p>\n","protected":false},"excerpt":{"rendered":"<p>Il controllo della contaminazione negli impianti oleodinamici \u00e8 una materia molto vasta e complessa; ne indichiamo di&hellip;<\/p>\n","protected":false},"author":1,"featured_media":0,"parent":0,"menu_order":0,"comment_status":"closed","ping_status":"closed","template":"page-templates\/template-filtrationinbrief.php","meta":[],"acf":[],"yoast_head":"<!-- This site is optimized with the Yoast SEO plugin v21.3 - https:\/\/yoast.com\/wordpress\/plugins\/seo\/ -->\n<title>Filtrazione in pillole &#8211; UFI Filters Hydraulic Division<\/title>\n<meta name=\"robots\" content=\"index, follow, max-snippet:-1, max-image-preview:large, max-video-preview:-1\" \/>\n<link rel=\"canonical\" href=\"https:\/\/www.ufihyd.com\/it\/filtrazione-in-pillole\/\" \/>\n<meta property=\"og:locale\" content=\"it_IT\" \/>\n<meta property=\"og:type\" content=\"article\" \/>\n<meta property=\"og:title\" content=\"Filtrazione in pillole &#8211; UFI Filters Hydraulic Division\" \/>\n<meta property=\"og:description\" content=\"Il controllo della contaminazione negli impianti oleodinamici \u00e8 una materia molto vasta e complessa; ne indichiamo di&hellip;\" \/>\n<meta property=\"og:url\" content=\"https:\/\/www.ufihyd.com\/it\/filtrazione-in-pillole\/\" \/>\n<meta property=\"og:site_name\" content=\"UFI Filters Hydraulic Division\" \/>\n<meta property=\"article:modified_time\" content=\"2024-06-07T13:09:32+00:00\" \/>\n<meta name=\"twitter:card\" content=\"summary_large_image\" \/>\n<meta name=\"twitter:label1\" content=\"Tempo di lettura stimato\" \/>\n\t<meta name=\"twitter:data1\" content=\"1 minuto\" \/>\n<script type=\"application\/ld+json\" class=\"yoast-schema-graph\">{\"@context\":\"https:\/\/schema.org\",\"@graph\":[{\"@type\":\"WebPage\",\"@id\":\"https:\/\/www.ufihyd.com\/it\/filtrazione-in-pillole\/\",\"url\":\"https:\/\/www.ufihyd.com\/it\/filtrazione-in-pillole\/\",\"name\":\"Filtrazione in pillole &#8211; UFI Filters Hydraulic Division\",\"isPartOf\":{\"@id\":\"https:\/\/www.ufihyd.com\/it\/#website\"},\"datePublished\":\"2018-11-27T17:34:32+00:00\",\"dateModified\":\"2024-06-07T13:09:32+00:00\",\"breadcrumb\":{\"@id\":\"https:\/\/www.ufihyd.com\/it\/filtrazione-in-pillole\/#breadcrumb\"},\"inLanguage\":\"it-IT\",\"potentialAction\":[{\"@type\":\"ReadAction\",\"target\":[\"https:\/\/www.ufihyd.com\/it\/filtrazione-in-pillole\/\"]}]},{\"@type\":\"BreadcrumbList\",\"@id\":\"https:\/\/www.ufihyd.com\/it\/filtrazione-in-pillole\/#breadcrumb\",\"itemListElement\":[{\"@type\":\"ListItem\",\"position\":1,\"name\":\"Home\",\"item\":\"https:\/\/www.ufihyd.com\/it\/\"},{\"@type\":\"ListItem\",\"position\":2,\"name\":\"Filtrazione in pillole\"}]},{\"@type\":\"WebSite\",\"@id\":\"https:\/\/www.ufihyd.com\/it\/#website\",\"url\":\"https:\/\/www.ufihyd.com\/it\/\",\"name\":\"UFI Filters Hydraulic Division\",\"description\":\"\",\"potentialAction\":[{\"@type\":\"SearchAction\",\"target\":{\"@type\":\"EntryPoint\",\"urlTemplate\":\"https:\/\/www.ufihyd.com\/it\/?s={search_term_string}\"},\"query-input\":\"required name=search_term_string\"}],\"inLanguage\":\"it-IT\"}]}<\/script>\n<!-- \/ Yoast SEO plugin. -->","yoast_head_json":{"title":"Filtrazione in pillole &#8211; UFI Filters Hydraulic Division","robots":{"index":"index","follow":"follow","max-snippet":"max-snippet:-1","max-image-preview":"max-image-preview:large","max-video-preview":"max-video-preview:-1"},"canonical":"https:\/\/www.ufihyd.com\/it\/filtrazione-in-pillole\/","og_locale":"it_IT","og_type":"article","og_title":"Filtrazione in pillole &#8211; UFI Filters Hydraulic Division","og_description":"Il controllo della contaminazione negli impianti oleodinamici \u00e8 una materia molto vasta e complessa; ne indichiamo di&hellip;","og_url":"https:\/\/www.ufihyd.com\/it\/filtrazione-in-pillole\/","og_site_name":"UFI Filters Hydraulic Division","article_modified_time":"2024-06-07T13:09:32+00:00","twitter_card":"summary_large_image","twitter_misc":{"Tempo di lettura stimato":"1 minuto"},"schema":{"@context":"https:\/\/schema.org","@graph":[{"@type":"WebPage","@id":"https:\/\/www.ufihyd.com\/it\/filtrazione-in-pillole\/","url":"https:\/\/www.ufihyd.com\/it\/filtrazione-in-pillole\/","name":"Filtrazione in pillole &#8211; UFI Filters Hydraulic Division","isPartOf":{"@id":"https:\/\/www.ufihyd.com\/it\/#website"},"datePublished":"2018-11-27T17:34:32+00:00","dateModified":"2024-06-07T13:09:32+00:00","breadcrumb":{"@id":"https:\/\/www.ufihyd.com\/it\/filtrazione-in-pillole\/#breadcrumb"},"inLanguage":"it-IT","potentialAction":[{"@type":"ReadAction","target":["https:\/\/www.ufihyd.com\/it\/filtrazione-in-pillole\/"]}]},{"@type":"BreadcrumbList","@id":"https:\/\/www.ufihyd.com\/it\/filtrazione-in-pillole\/#breadcrumb","itemListElement":[{"@type":"ListItem","position":1,"name":"Home","item":"https:\/\/www.ufihyd.com\/it\/"},{"@type":"ListItem","position":2,"name":"Filtrazione in pillole"}]},{"@type":"WebSite","@id":"https:\/\/www.ufihyd.com\/it\/#website","url":"https:\/\/www.ufihyd.com\/it\/","name":"UFI Filters Hydraulic Division","description":"","potentialAction":[{"@type":"SearchAction","target":{"@type":"EntryPoint","urlTemplate":"https:\/\/www.ufihyd.com\/it\/?s={search_term_string}"},"query-input":"required name=search_term_string"}],"inLanguage":"it-IT"}]}},"_links":{"self":[{"href":"https:\/\/www.ufihyd.com\/it\/wp-json\/wp\/v2\/pages\/980"}],"collection":[{"href":"https:\/\/www.ufihyd.com\/it\/wp-json\/wp\/v2\/pages"}],"about":[{"href":"https:\/\/www.ufihyd.com\/it\/wp-json\/wp\/v2\/types\/page"}],"author":[{"embeddable":true,"href":"https:\/\/www.ufihyd.com\/it\/wp-json\/wp\/v2\/users\/1"}],"replies":[{"embeddable":true,"href":"https:\/\/www.ufihyd.com\/it\/wp-json\/wp\/v2\/comments?post=980"}],"version-history":[{"count":4,"href":"https:\/\/www.ufihyd.com\/it\/wp-json\/wp\/v2\/pages\/980\/revisions"}],"predecessor-version":[{"id":4442,"href":"https:\/\/www.ufihyd.com\/it\/wp-json\/wp\/v2\/pages\/980\/revisions\/4442"}],"wp:attachment":[{"href":"https:\/\/www.ufihyd.com\/it\/wp-json\/wp\/v2\/media?parent=980"}],"curies":[{"name":"wp","href":"https:\/\/api.w.org\/{rel}","templated":true}]}}