{"id":1148,"date":"2018-11-26T18:22:23","date_gmt":"2018-11-26T17:22:23","guid":{"rendered":"http:\/\/ufihyd.poliedrostudio.it\/cookie-policy\/"},"modified":"2019-02-01T15:48:42","modified_gmt":"2019-02-01T14:48:42","slug":"cookie-policy","status":"publish","type":"page","link":"https:\/\/www.ufihyd.com\/it\/cookie-policy\/","title":{"rendered":"Cookie policy"},"content":{"rendered":"<h2>POLITICA DEI COOKIES<\/h2>\n<p>Informativa relativa alle tipologie e utilizzo dei cookies sul nostro sito<br \/>\nIn questa pagina puoi trovare le informazioni necessarie sull&#8217;uso dei cookies effettuato sul nostro sito internet e le modalit\u00e0 per identificarli e disabilitarli o cancellarli.<br \/>\nQuesta Policy pu\u00f2 essere aggiornata in qualsiasi momento per modifica della normativa vigente o per qualsiasi cambiamento nella configurazione e tipologia dei cookies utilizzati.<\/p>\n<h3>Cosa sono i cookies<\/h3>\n<p>I cookies sono brevi stringhe che vengono salvate, durante la navigazione sul sito Web, sul computer, smartphone o tablet dell&#8217;utente e che consentono al nostro sito di riconoscere l&#8217;utente successivamente alla prima visita e quindi migliorare la sua esperienza di utilizzo.<\/p>\n<p>Il nostro sistema utilizza cookies temporanei che hanno una durata limitata alla visita e vengono eliminati alla chiusura del browser, e cookies permanenti, che rimangono memorizzati sul dispositivo anche dopo aver abbandonato il sito Web o comunque aver chiuso il browser: questi cookies permangono fino alla loro scadenza prevista o finch\u00e9 non siano eliminati manualmente dall&#8217;utente.<\/p>\n<h3>Quali cookies utilizziamo e a quale scopo<\/h3>\n<p>Utilizziamo i seguenti tipi di cookies:<\/p>\n<h4>Cookie di sessione (o tecnici):<\/h4>\n<p>temporanei che consentono all&#8217;utente di accedere a servizi personalizzati ed a sfruttare appieno le funzionalit\u00e0 del sito.<\/p>\n<h4>Cookie di analisi:<\/h4>\n<p>sia temporanei che permanenti, permettono di raccogliere in modo aggregato informazioni relative al comportamento degli utenti sul sito e quindi migliorarne l&#8217;esperienza ed i contenuti forniti. Le informazioni raccolte in questo modo non hanno valenza personale in quanto i dati sono raccolti e analizzati in forma anonima. Utilizziamo specificatamente i cookie di Google Analytics* secondo le modalit\u00e0 riportate <a href=\"https:\/\/developers.google.com\/analytics\/devguides\/collection\/analyticsjs\/cookie-usage\" target=\"_blank\" rel=\"noopener\">in questa pagina<\/a>.<\/p>\n<p>L&#8217;utilizzo di tali cookies \u00e8 di carattere puramente anonimo, non vengono collezionate informazioni personali a meno che l&#8217;utente non intenda fornirle esplicitamente inviando moduli di contatto o richiesta informazioni. Per quanto riguarda la politica di gestione dei dati privati rimandiamo alla <a href=\"\/it\/privacy-policy\/\">sezione relativa alla privacy<\/a> sul nostro sito.<\/p>\n<p>*Il nostro sito utilizza le speciali funzioni pubblicitarie di Google Analytics che consentono di attivare funzionalit\u00e0 non disponibili tramite le implementazioni standard. Tali funzionalit\u00e0 ci consentono di raccogliere i dati sul traffico tramite i cookie per la pubblicit\u00e0 di Google e gli identificatori anonimi oltre ai dati raccolti tramite un&#8217;implementazione standard di Google Analytics.Precisiamo che non viene raccolta alcuna informazione strettamente personale tramite le funzionalit\u00e0 di Google Analytics, ma raccogliamo in forma aggregata dati sull&#8217;et\u00e0, il genere, e le preferenze di interesse dei nostri visitatori allo scopo di capire meglio l&#8217;utilizzo de nostro sito web e indirizzare al meglio i servizi forniti.<br \/>\nTi Ricordiamo che \u00e8 sempre possibile da parte tua disattivare la raccolta di tali dati attraverso le impostazioni degli annunci della pagina apposita del tuo account Google (<a href=\"http:\/\/www.google.com\/ads\/preferences\" target=\"_blank\" rel=\"noopener\">http:\/\/www.google.com\/ads\/preferences<\/a>), oppure attraverso lo strumento Google GaOptOut<\/p>\n<p><strong>Accettare o rifiutare i cookies \u00e8 un tuo diritto.<\/strong><br \/>\nNavigando sul nostro sito, implicitamente acconsenti all&#8217;utilizzo dei cookies suddetti. Per impostazioni predefinite i browser generalmente accettano l&#8217;utilizzo dei cookies sia provenienti dal nostro sito che dai siti terzi. E&#8217; comunque possibile modificare tali impostazioni e scegliere tra l&#8217;accettazione incondizionata, la visualizzazione di una finestra popup che richiede una azione esplicita da parte dell&#8217;utente o il rifiuto dei cookies indistintamente.<\/p>\n<p>Per gestire l&#8217;uso dei cookies \u00e8 necessario modificare le impostazioni del browser tramite la relativa barra degli strumenti.<\/p>\n<p>Di seguito riportiamo i link alle risorse che descrivono le modalit\u00e0 di gestione dei cookies per i browser pi\u00f9 popolari:<\/p>\n<ul>\n<li>Internet Explorer: <a href=\"http:\/\/windows.microsoft.com\/it-it\/internet-explorer\/delete-manage-cookies#ie=ie-11\" target=\"_blank\" rel=\"noopener\">gestione dei cookies<\/a><\/li>\n<li>Mozilla Firefox: <a href=\"https:\/\/support.mozilla.org\/it\/kb\/Eliminare%20i%20cookie?esab=a&amp;s=cookie&amp;r=5&amp;as=s\" target=\"_blank\" rel=\"noopener\">eliminare i cookies<\/a>; <a href=\"https:\/\/support.mozilla.org\/it\/kb\/Bloccare%20i%20cookie?esab=a&amp;s=cookie&amp;r=0&amp;as=s\" target=\"_blank\" rel=\"noopener\">bloccare i cookies<\/a> dei siti<\/li>\n<li>Google Chrome: <a href=\"https:\/\/support.google.com\/chrome\/answer\/95647?hl=it\" target=\"_blank\" rel=\"noopener\">gestione dei cookies<\/a><\/li>\n<li>Opera: <a href=\"http:\/\/help.opera.com\/Windows\/12.10\/it\/cookies.html\" target=\"_blank\" rel=\"noopener\">gestione dei cookies<\/a><\/li>\n<li>Safari: <a href=\"https:\/\/support.apple.com\/it-it\/HT201265\" target=\"_blank\" rel=\"noopener\">gestione dei cookies<\/a><\/li>\n<\/ul>\n<p>\u00c8 possibile disabilitare i cookies di Google Analytics visitando la pagina web di Google (<a href=\"https:\/\/tools.google.com\/dlpage\/gaoptout\" target=\"_blank\" rel=\"noopener\">Google GaOptOut<\/a>) e scaricando il componente aggiuntivo per il browser utilizzato.<\/p>\n<p>Ricorda che devi settare le preferenze sui cookies per ogni dispositivo ed ogni browser utilizzato nella navigazione su internet.<\/p>\n<p>Per consentire al sito Web di funzionare correttamente, sfruttarne le funzionalit\u00e0 e l&#8217;uso nella sua completezza, consigliamo di accettare l&#8217;uso dei cookies sia nostri che di terze parti.<\/p>\n","protected":false},"excerpt":{"rendered":"<p>POLITICA DEI COOKIES Informativa relativa alle tipologie e utilizzo dei cookies sul nostro sito In questa pagina&hellip;<\/p>\n","protected":false},"author":1,"featured_media":0,"parent":0,"menu_order":0,"comment_status":"closed","ping_status":"closed","template":"page-templates\/template-condizioni-generica.php","meta":[],"acf":[],"yoast_head":"<!-- This site is optimized with the Yoast SEO plugin v21.3 - https:\/\/yoast.com\/wordpress\/plugins\/seo\/ -->\n<title>Cookie policy &#8211; UFI Filters Hydraulic Division<\/title>\n<meta name=\"robots\" content=\"index, follow, max-snippet:-1, max-image-preview:large, max-video-preview:-1\" \/>\n<link rel=\"canonical\" href=\"https:\/\/www.ufihyd.com\/it\/cookie-policy\/\" \/>\n<meta property=\"og:locale\" content=\"it_IT\" \/>\n<meta property=\"og:type\" content=\"article\" \/>\n<meta property=\"og:title\" content=\"Cookie policy &#8211; UFI Filters Hydraulic Division\" \/>\n<meta property=\"og:description\" content=\"POLITICA DEI COOKIES Informativa relativa alle tipologie e utilizzo dei cookies sul nostro sito In questa pagina&hellip;\" \/>\n<meta property=\"og:url\" content=\"https:\/\/www.ufihyd.com\/it\/cookie-policy\/\" \/>\n<meta property=\"og:site_name\" content=\"UFI Filters Hydraulic Division\" \/>\n<meta property=\"article:modified_time\" content=\"2019-02-01T14:48:42+00:00\" \/>\n<meta name=\"twitter:card\" content=\"summary_large_image\" \/>\n<meta name=\"twitter:label1\" content=\"Tempo di lettura stimato\" \/>\n\t<meta name=\"twitter:data1\" content=\"3 minuti\" \/>\n<script type=\"application\/ld+json\" class=\"yoast-schema-graph\">{\"@context\":\"https:\/\/schema.org\",\"@graph\":[{\"@type\":\"WebPage\",\"@id\":\"https:\/\/www.ufihyd.com\/it\/cookie-policy\/\",\"url\":\"https:\/\/www.ufihyd.com\/it\/cookie-policy\/\",\"name\":\"Cookie policy &#8211; UFI Filters Hydraulic Division\",\"isPartOf\":{\"@id\":\"https:\/\/www.ufihyd.com\/it\/#website\"},\"datePublished\":\"2018-11-26T17:22:23+00:00\",\"dateModified\":\"2019-02-01T14:48:42+00:00\",\"breadcrumb\":{\"@id\":\"https:\/\/www.ufihyd.com\/it\/cookie-policy\/#breadcrumb\"},\"inLanguage\":\"it-IT\",\"potentialAction\":[{\"@type\":\"ReadAction\",\"target\":[\"https:\/\/www.ufihyd.com\/it\/cookie-policy\/\"]}]},{\"@type\":\"BreadcrumbList\",\"@id\":\"https:\/\/www.ufihyd.com\/it\/cookie-policy\/#breadcrumb\",\"itemListElement\":[{\"@type\":\"ListItem\",\"position\":1,\"name\":\"Home\",\"item\":\"https:\/\/www.ufihyd.com\/it\/\"},{\"@type\":\"ListItem\",\"position\":2,\"name\":\"Cookie policy\"}]},{\"@type\":\"WebSite\",\"@id\":\"https:\/\/www.ufihyd.com\/it\/#website\",\"url\":\"https:\/\/www.ufihyd.com\/it\/\",\"name\":\"UFI Filters Hydraulic Division\",\"description\":\"\",\"potentialAction\":[{\"@type\":\"SearchAction\",\"target\":{\"@type\":\"EntryPoint\",\"urlTemplate\":\"https:\/\/www.ufihyd.com\/it\/?s={search_term_string}\"},\"query-input\":\"required name=search_term_string\"}],\"inLanguage\":\"it-IT\"}]}<\/script>\n<!-- \/ Yoast SEO plugin. -->","yoast_head_json":{"title":"Cookie policy &#8211; UFI Filters Hydraulic Division","robots":{"index":"index","follow":"follow","max-snippet":"max-snippet:-1","max-image-preview":"max-image-preview:large","max-video-preview":"max-video-preview:-1"},"canonical":"https:\/\/www.ufihyd.com\/it\/cookie-policy\/","og_locale":"it_IT","og_type":"article","og_title":"Cookie policy &#8211; UFI Filters Hydraulic Division","og_description":"POLITICA DEI COOKIES Informativa relativa alle tipologie e utilizzo dei cookies sul nostro sito In questa pagina&hellip;","og_url":"https:\/\/www.ufihyd.com\/it\/cookie-policy\/","og_site_name":"UFI Filters Hydraulic Division","article_modified_time":"2019-02-01T14:48:42+00:00","twitter_card":"summary_large_image","twitter_misc":{"Tempo di lettura stimato":"3 minuti"},"schema":{"@context":"https:\/\/schema.org","@graph":[{"@type":"WebPage","@id":"https:\/\/www.ufihyd.com\/it\/cookie-policy\/","url":"https:\/\/www.ufihyd.com\/it\/cookie-policy\/","name":"Cookie policy &#8211; UFI Filters Hydraulic Division","isPartOf":{"@id":"https:\/\/www.ufihyd.com\/it\/#website"},"datePublished":"2018-11-26T17:22:23+00:00","dateModified":"2019-02-01T14:48:42+00:00","breadcrumb":{"@id":"https:\/\/www.ufihyd.com\/it\/cookie-policy\/#breadcrumb"},"inLanguage":"it-IT","potentialAction":[{"@type":"ReadAction","target":["https:\/\/www.ufihyd.com\/it\/cookie-policy\/"]}]},{"@type":"BreadcrumbList","@id":"https:\/\/www.ufihyd.com\/it\/cookie-policy\/#breadcrumb","itemListElement":[{"@type":"ListItem","position":1,"name":"Home","item":"https:\/\/www.ufihyd.com\/it\/"},{"@type":"ListItem","position":2,"name":"Cookie policy"}]},{"@type":"WebSite","@id":"https:\/\/www.ufihyd.com\/it\/#website","url":"https:\/\/www.ufihyd.com\/it\/","name":"UFI Filters Hydraulic Division","description":"","potentialAction":[{"@type":"SearchAction","target":{"@type":"EntryPoint","urlTemplate":"https:\/\/www.ufihyd.com\/it\/?s={search_term_string}"},"query-input":"required name=search_term_string"}],"inLanguage":"it-IT"}]}},"_links":{"self":[{"href":"https:\/\/www.ufihyd.com\/it\/wp-json\/wp\/v2\/pages\/1148"}],"collection":[{"href":"https:\/\/www.ufihyd.com\/it\/wp-json\/wp\/v2\/pages"}],"about":[{"href":"https:\/\/www.ufihyd.com\/it\/wp-json\/wp\/v2\/types\/page"}],"author":[{"embeddable":true,"href":"https:\/\/www.ufihyd.com\/it\/wp-json\/wp\/v2\/users\/1"}],"replies":[{"embeddable":true,"href":"https:\/\/www.ufihyd.com\/it\/wp-json\/wp\/v2\/comments?post=1148"}],"version-history":[{"count":4,"href":"https:\/\/www.ufihyd.com\/it\/wp-json\/wp\/v2\/pages\/1148\/revisions"}],"predecessor-version":[{"id":1168,"href":"https:\/\/www.ufihyd.com\/it\/wp-json\/wp\/v2\/pages\/1148\/revisions\/1168"}],"wp:attachment":[{"href":"https:\/\/www.ufihyd.com\/it\/wp-json\/wp\/v2\/media?parent=1148"}],"curies":[{"name":"wp","href":"https:\/\/api.w.org\/{rel}","templated":true}]}}